{"id":752,"date":"2023-10-19T19:42:10","date_gmt":"2023-10-19T22:42:10","guid":{"rendered":"https:\/\/trinaxp.design\/?page_id=752"},"modified":"2023-10-19T19:43:49","modified_gmt":"2023-10-19T22:43:49","slug":"termos-news","status":"publish","type":"page","link":"https:\/\/trinaxp.design\/en\/termos-news\/","title":{"rendered":"Termos e Condi\u00e7\u00f5es &#8211; Newsletter"},"content":{"rendered":"<div data-elementor-type=\"wp-page\" data-elementor-id=\"752\" class=\"elementor elementor-752\" data-elementor-post-type=\"page\">\n\t\t\t\t\t\t<section class=\"elementor-section elementor-top-section elementor-element elementor-element-dff1ff1 elementor-section-boxed elementor-section-height-default elementor-section-height-default\" data-id=\"dff1ff1\" data-element_type=\"section\">\n\t\t\t\t\t\t<div class=\"elementor-container elementor-column-gap-default\">\n\t\t\t\t\t<div class=\"elementor-column elementor-col-100 elementor-top-column elementor-element elementor-element-a0f475a\" data-id=\"a0f475a\" data-element_type=\"column\">\n\t\t\t<div class=\"elementor-widget-wrap elementor-element-populated\">\n\t\t\t\t\t\t<div class=\"elementor-element elementor-element-0841649 elementor-widget__width-initial elementor-widget elementor-widget-text-editor\" data-id=\"0841649\" data-element_type=\"widget\" data-widget_type=\"text-editor.default\">\n\t\t\t\t<div class=\"elementor-widget-container\">\n\t\t\t<style>\/*! elementor - v3.20.0 - 26-03-2024 *\/\n.elementor-widget-text-editor.elementor-drop-cap-view-stacked .elementor-drop-cap{background-color:#69727d;color:#fff}.elementor-widget-text-editor.elementor-drop-cap-view-framed .elementor-drop-cap{color:#69727d;border:3px solid;background-color:transparent}.elementor-widget-text-editor:not(.elementor-drop-cap-view-default) .elementor-drop-cap{margin-top:8px}.elementor-widget-text-editor:not(.elementor-drop-cap-view-default) .elementor-drop-cap-letter{width:1em;height:1em}.elementor-widget-text-editor .elementor-drop-cap{float:left;text-align:center;line-height:1;font-size:50px}.elementor-widget-text-editor .elementor-drop-cap-letter{display:inline-block}<\/style>\t\t\t\t<h4><span style=\"color: var( --e-global-color-text ); font-family: var( --e-global-typography-secondary-font-family ), Sans-serif; font-size: 2rem; font-weight: var( --e-global-typography-secondary-font-weight );\">Seja bem-vindo ao Cantinho do Caf\u00e9, a Newsletter da Trina XP!<\/span><\/h4>\n<p><\/p>\n<p>Estes termos e condi\u00e7\u00f5es descrevem as regras de inscri\u00e7\u00e3o na Newsletter, do site da Trina XP, localizado no endere\u00e7o https:\/\/trinaxp.design.<\/p>\n<p>Ao cadastrar-se na nossa Newsletter, consideramos que voc\u00ea est\u00e1 de acordo com os termos e condi\u00e7\u00f5es abaixo. N\u00e3o continue a sua inscri\u00e7\u00e3o na Newsletter da Trina XP caso voc\u00ea discorde dos termos e condi\u00e7\u00f5es descritos neste contrato.<\/p>\n<div data-menuentry=\"\">\n<div>Os Termos e Condi\u00e7\u00f5es aplic\u00e1veis \u00e0 inscri\u00e7\u00e3o do servi\u00e7o de Newsletter&nbsp; adiante designados \u201cCantinho do Caf\u00e9\u201d s\u00e3o parte integrante e complemento dos Termos e Condi\u00e7\u00f5es Gerais do Website.<br>Antes de inscrever-se no servi\u00e7o, aconselhamos que leia os presentes termos. Ap\u00f3s a leitura e compreens\u00e3o dos seus termos, a Utilizadora dever\u00e1 declarar aceit\u00e1-los, sob pena de n\u00e3o conseguir proceder \u00e0 sua submiss\u00e3o.<\/div>\n<div><br>Caso n\u00e3o pretenda aceitar os Termos e Condi\u00e7\u00f5es, n\u00e3o poder\u00e1 realizar a sua inscri\u00e7\u00e3o.<\/div>\n<\/div>\n<div data-menuentry=\"\">\n<div>\n<h3><span>I. O que s\u00e3o Newsletters do Cantinho do Caf\u00e9 ?<\/span><\/h3>\n<p><strong>1.<\/strong>&nbsp;S\u00e3o o texto que rege as condi\u00e7\u00f5es subjacentes \u00e0 inscri\u00e7\u00e3o e envio do servi\u00e7o de Newsletter | E-news disponibilizado no portal trinaxp.design.<\/p>\n<p><strong>2.<\/strong>&nbsp;Aqui encontra informa\u00e7\u00e3o sobre como qualquer utilizador pode acessar e utilizar os diferentes formul\u00e1rios.<strong><br><\/strong>&nbsp;<\/p>\n<h3><span>II. Em que consiste o servi\u00e7o de Newsletters?<\/span><\/h3>\n<p><strong>1.&nbsp;<\/strong>O servi\u00e7o de Newsletters \u00e9 um servi\u00e7o gratuito dispon\u00edvel para os utilizadores do portal trinaxp.design, e que consiste no envio peri\u00f3dico de conte\u00fados, sobre temas da atualidade, relacionados com Experi\u00eancias de Aprendizagem, Infoprodutos, Facilita\u00e7\u00e3o de cursos, workshops palestras e melhorias.<\/p>\n<p><strong>2.<\/strong>&nbsp;Com a inscri\u00e7\u00e3o, a utilizadora passa a receber, no e-mail indicado, comunica\u00e7\u00f5es digitais de caracter meramente informativo.<\/p>\n<p><strong style=\"color: var( --e-global-color-text ); font-family: var( --e-global-typography-text-font-family ), Sans-serif; font-size: 1rem;\">3.<\/strong><span style=\"color: var( --e-global-color-text ); font-family: var( --e-global-typography-text-font-family ), Sans-serif; font-weight: var( --e-global-typography-text-font-weight ); font-size: 1rem;\">&nbsp;Se nos der o seu consentimento, nos termos da&nbsp;<\/span><span style=\"font-family: var( --e-global-typography-text-font-family ), Sans-serif;\"><span style=\"font-weight: var( --e-global-typography-text-font-weight ); background-color: #ffffff; font-size: 1rem;\">Pol\u00edtica de Tratamento de Dados Pessoais<\/span><\/span><span style=\"color: var( --e-global-color-text ); font-family: var( --e-global-typography-text-font-family ), Sans-serif; font-weight: var( --e-global-typography-text-font-weight ); font-size: 1rem;\">&nbsp;aplic\u00e1vel, as Newsletters s\u00e3o igualmente instrumentos de promo\u00e7\u00e3o e marketing que informam o utilizador relativamente aos produtos e servi\u00e7os oferecidos pela Trina XP.<\/span><\/p>\n<p><span style=\"color: var( --e-global-color-text ); font-family: var( --e-global-typography-text-font-family ), Sans-serif; font-size: 1rem; font-weight: var( --e-global-typography-text-font-weight );\">&nbsp;<\/span><\/p>\n<h3><span>III. Aceita\u00e7\u00e3o das condi\u00e7\u00f5es pelo utilizador<\/span><\/h3>\n<p><strong>1.&nbsp;<\/strong>Ao submeter o seu pedido de subscri\u00e7\u00e3o de Newsletters, o utilizador aceita e reconhece que ser\u00e1 inscrito no servi\u00e7o at\u00e9 que declare que o pretenda cancelar, nos termos estabelecidos nestes termos.&nbsp;<\/p>\n<p><strong style=\"color: var( --e-global-color-text ); font-family: var( --e-global-typography-text-font-family ), Sans-serif; font-size: 1rem;\">2. <\/strong><span style=\"color: var( --e-global-color-text ); font-family: var( --e-global-typography-text-font-family ), Sans-serif; font-size: 1rem;\">A<\/span><span style=\"color: var( --e-global-color-text ); font-family: var( --e-global-typography-text-font-family ), Sans-serif; font-weight: var( --e-global-typography-text-font-weight ); font-size: 1rem;\">&nbsp;utilizadora reconhece que os dados pessoais que insere no formul\u00e1rio de subscri\u00e7\u00e3o de Newsletters podem ser utilizados pela TrinaXP nos termos da&nbsp;<\/span><a href=\"https:\/\/trinaxp.design\/en\/politica-de-privacidade\/\" target=\"_blank\">Pol\u00edtica de Tratamento Dados Pessoais<\/a><span style=\"color: var( --e-global-color-text ); font-family: var( --e-global-typography-text-font-family ), Sans-serif; font-weight: var( --e-global-typography-text-font-weight ); font-size: 1rem;\">&nbsp;definida.<\/span><br><\/p>\n<div>&nbsp;<\/div>\n<h3><span>IV. Como posso fazer a minha inscri\u00e7\u00e3o?<\/span><\/h3>\n<p>A inscri\u00e7\u00e3o pode ser feita de duas formas:<br>a) Atrav\u00e9s de formul\u00e1rio de inscri\u00e7\u00e3o contido na p\u00e1gina inicial, na p\u00e1gina dedicada ou no formul\u00e1rio do agregador de links da Trina.XP<br>b) Quando a utilizadora, no processo de inscri\u00e7\u00e3o de algum curso ou mentoria da Trina XP opta por receber estas comunica\u00e7\u00f5es.<\/p>\n<p><\/p>\n<h3><span>V. Cancelamento do servi\u00e7o<\/span><\/h3>\n<p><strong>1.&nbsp;<\/strong>O servi\u00e7o de envio de Newsletters \u00e9 cont\u00ednuo, sem termo estabelecido.<\/p>\n<p><strong>2.&nbsp;<\/strong>O&nbsp;servi\u00e7o pode ser cancelado a todo o tempo pelo utilizador atrav\u00e9s da op\u00e7\u00e3o \u201ccancelar inscri\u00e7\u00e3o\/unsubscribe\u201d, dispon\u00edvel no rodap\u00e9 de cada uma das Newsletters enviadas.<\/p>\n<p><strong>3.&nbsp;<\/strong>Caso tenha alguma dificuldade com a funcionalidade \u201ccancelar inscri\u00e7\u00e3o\/unsubscribe\u201d, o utilizador dever\u00e1 enviar um e-mail para<b>&nbsp;<\/b>oi@trinaxp.design&nbsp;solicitando o cancelamento do servi\u00e7o.&nbsp;<\/p>\n<p><strong>4. <\/strong>A TrinaXP&nbsp;&nbsp;reserva o direito de cancelar tempor\u00e1ria ou definitivamente, e sem aviso pr\u00e9vio, o servi\u00e7o de Newsletters quando a utilizadora n\u00e3o cumpra com as obriga\u00e7\u00f5es decorrentes das presentes Condi\u00e7\u00f5es Gerais e sempre que considerar necess\u00e1rio e desej\u00e1vel para melhorar a sua efic\u00e1cia e\/ou por forma a responder a exig\u00eancias legais.<\/p>\n<div>&nbsp;<\/div>\n<h3><span>VI. Que informa\u00e7\u00f5es receberei pelas Newsletters?<\/span><\/h3>\n<p><strong>1.<\/strong>&nbsp;No servi\u00e7o de Newsletters apresenta conte\u00fados espec\u00edficos sobre experi\u00eancias de aprendizagem, adiante designados de artigos, obras de car\u00e1cter intelectual e criativo especificamente protegidas pelas normas comerciais, de copyright, patentes e outra legisla\u00e7\u00e3o de marcas registadas, e v\u00e1rios outros direitos de propriedade intelectual e leis de concorr\u00eancia desleal.<\/p>\n<p><strong>2.<\/strong>&nbsp;As Newsletters poder\u00e3o incluir conte\u00fados promocionais e de marketing, com o prop\u00f3sito de manter a utilizadora e inscrita atualizada dos produtos e servi\u00e7os que a Trina XP disponibiliza, se para al\u00e9m da sua inscri\u00e7\u00e3o, a utilizadora consentir o tratamento dos seus dados pessoais para esta finalidade.<\/p>\n<h3><span>VII. Responsabilidade pelo Funcionamento<\/span><\/h3>\n<p><strong>1.<\/strong>&nbsp;A utilizadora assume todos os riscos resultantes do seu uso da informa\u00e7\u00e3o que obtenha das Newsletters que lhe s\u00e3o enviadas, sendo a \u00fanica e exclusivo respons\u00e1vel por todas as decis\u00f5es que tome com base nestas.<\/p>\n<p><strong>2.<\/strong>&nbsp;A Trina XP emprega todos os esfor\u00e7os para assegurar que as informa\u00e7\u00f5es que fornece nas suas Newsletters s\u00e3o corretas na altura da sua reda\u00e7\u00e3o\/realiza\u00e7\u00e3o, mas salvaguarda que o material publicado poder\u00e1 apresentar erros ou incorre\u00e7\u00f5es.<\/p>\n<p><strong>3<\/strong>. A apresenta\u00e7\u00e3o de informa\u00e7\u00e3o n\u00e3o dispensa o recurso a profissionais especializados em caso de necessidade.<\/p>\n<p><strong>4.&nbsp;<\/strong>A informa\u00e7\u00e3o disponibilizada pela Trina XP n\u00e3o dispensa a leitura das Condi\u00e7\u00f5es Gerais, Especiais e particulares dos cursos e servi\u00e7os contratados pela utilizadora e demais informa\u00e7\u00f5es pr\u00e9-contratuais com este relacionadas.&nbsp;&nbsp;<\/p>\n<p><strong>5.<\/strong>&nbsp;A Trina XP declina qualquer responsabilidade por preju\u00edzos ou danos materiais ou pessoais que possam advir direta ou indiretamente da indevida utiliza\u00e7\u00e3o da informa\u00e7\u00e3o contidas nas suas Newsletters.<\/p>\n<h3><span>VIII.&nbsp;Que uso posso fazer das Newsletters e conte\u00fados?<\/span><\/h3>\n<p><strong>1.&nbsp;<\/strong>As informa\u00e7\u00f5es que constam das Newsletters destinam-se exclusivamente \u00e0 utiliza\u00e7\u00e3o privada da inscrita (incluindo a impress\u00e3o e a recolha da informa\u00e7\u00e3o), proibindo-se a sua utiliza\u00e7\u00e3o para fins comerciais.<\/p>\n<p><strong>2.<\/strong>&nbsp;Qualquer conte\u00fado ou informa\u00e7\u00e3o das Newsletters n\u00e3o pode ser reproduzido total ou parcialmente, nem pode ser alugado ou vendido, exceto se existir autoriza\u00e7\u00e3o pr\u00e9vio da Trina XP ou das entidades externas contratadas devidamente identificadas.<\/p>\n<p><strong>3.<\/strong>&nbsp;Alerta-se que o recebimento e arquivo da Newsletter n\u00e3o poder\u00e1 ser confundida com a concess\u00e3o de qualquer licen\u00e7a ou direito sobre a mesma, pelo que nenhuma parte publicada pelas Newsletters pode ser entendida como atribui\u00e7\u00e3o de licen\u00e7a ou direito que se refira a qualquer direito de autor, marca registada ou outros direitos de propriedade intelectual da. Trina XP.<\/p>\n<p><\/p>\n<h3><span>IX.&nbsp;Direitos de Autor e Propriedade Industrial<\/span><\/h3>\n<p><strong>1.<\/strong>&nbsp;Os direitos de autor e direitos conexos que decorrem dos textos, coment\u00e1rios, trabalhos, ilustra\u00e7\u00f5es, obras e imagens reproduzidos ou representados, logotipos, desenhos, imagens e c\u00f3digos de fonte utilizados para a sua programa\u00e7\u00e3o e projetos inclu\u00eddos na mesma, assim como as marcas, denomina\u00e7\u00f5es comerciais e desenhos industriais contidos nas Newsletters s\u00e3o da propriedade exclusiva da Trina XP, ou de entidades terceiras por esta contratadas, devidamente identificadas, sendo que todos se encontram protegidos pela Lei.<\/p>\n<p><strong>2.<\/strong>&nbsp;A Trina XP \u00e9 propriet\u00e1ria de direitos de autor na sele\u00e7\u00e3o, coordena\u00e7\u00e3o, organiza\u00e7\u00e3o ou realce do seu conte\u00fado, bem como no conte\u00fado original da pr\u00f3pria Trina XP.<\/p>\n<p><strong>3.<\/strong>&nbsp;A utilizadora reconhece a propriedade destes direitos e compromete-se a abster-se da pr\u00e1tica de qualquer ato que, nos termos da legisla\u00e7\u00e3o aplic\u00e1vel constituir uma viola\u00e7\u00e3o dos mesmos.<\/p>\n<p><strong>4.<\/strong>&nbsp;A Trina XP respeita a propriedade intelectual de terceiros e solicita que os utilizadores fa\u00e7am o mesmo.<\/p>\n<p><strong>5.<\/strong>&nbsp;As a\u00e7\u00f5es n\u00e3o autorizadas de terceiros que pretendam utilizar as marcas registradas ou semelhantes, referidas supra, em qualquer contexto e para qualquer funcionalidade, constitui para todos os efeitos uma contrafa\u00e7\u00e3o da marca.<\/p>\n<p><strong>6.<\/strong>&nbsp;A utiliza\u00e7\u00e3o n\u00e3o autorizada de uma ou mais dessas obras por terceiros constituiu uma viola\u00e7\u00e3o \u00e0s normas que tutelam os direitos de autor (Decreto-Lei n.\u00ba 63\/85, de 14 de Mar\u00e7o e altera\u00e7\u00f5es subsequentes).<\/p>\n<p><strong>7.<\/strong>&nbsp;Todos os direitos relacionados com a informa\u00e7\u00e3o constante das v\u00e1rias Newsletters, incluindo as informa\u00e7\u00f5es, as ferramentas, o desenho gr\u00e1fico das p\u00e1ginas na Internet, est\u00e3o reservados \u00e0 Trina XP, ou ao propriet\u00e1rio em causa, com todos os seus componentes, e todas as figuras gr\u00e1ficas ou textos acima referidos que n\u00e3o sejam de fornecimento externo e como tal devidamente identificados.<\/p>\n<p><strong>8. <\/strong>A Trina XP&nbsp;reserva ainda os direitos relacionados com a informa\u00e7\u00e3o, que possa ser obtida atrav\u00e9s das Newsletters, exceto, quando indicado expressamente n\u00e3o \u00e9 permitida a c\u00f3pia, recolha, publica\u00e7\u00e3o, distribui\u00e7\u00e3o ou reprodu\u00e7\u00e3o de qualquer informa\u00e7\u00e3o contida no website referido, seja por que forma for, sem que seja obtida autoriza\u00e7\u00e3o pr\u00e9via por escrito do propriet\u00e1rio em causa.<\/p>\n<p><\/p>\n<h3><span>X.&nbsp;Responsabilidade pelo Funcionamento<br><\/span><\/h3>\n<p><strong>1.<\/strong>&nbsp;A Trina XP n\u00e3o garante o permanente funcionamento da plataforma de inscri\u00e7\u00f5es e do servi\u00e7o de Newsletters, pelo que n\u00e3o poder\u00e1 ser responsabilizada pela impossibilidade da sua utiliza\u00e7\u00e3o pelo utilizador.<\/p>\n<p><strong>2.<\/strong>&nbsp;A Trina XP n\u00e3o assume qualquer responsabilidade pelos preju\u00edzos decorrentes de eventuais situa\u00e7\u00f5es de impossibilidade, atraso, suspens\u00e3o ou interrup\u00e7\u00e3o no acesso e uso do servi\u00e7o de Newsletters.<\/p>\n<p><strong>3.<\/strong>&nbsp;Caso verifique alguma anomalia no ato de inscri\u00e7\u00e3o ou na posterior utiliza\u00e7\u00e3o deste servi\u00e7o, poder\u00e1, em alternativa, contactar o social@trinaxp.design.<\/p>\n<p>4. O utilizador tem o dever de comunicar imediatamente \u00e0 Trina XP, quaisquer ocorr\u00eancias anomalas, nomeadamente:<\/p>\n<p>a. Ocorr\u00eancia de uma opera\u00e7\u00e3o n\u00e3o ordenada;<br>b. O lan\u00e7amento incorreto de qualquer opera\u00e7\u00e3o.<\/p>\n<p><strong>5.<\/strong>&nbsp;Sempre que uma opera\u00e7\u00e3o seja realizada mediante os procedimentos referidos nas cl\u00e1usulas anteriores, presume-se que o foi pela utilizadora.<\/p>\n<p><strong>6.<\/strong>&nbsp;Se, no entanto, se provar que a opera\u00e7\u00e3o foi realizada por terceiro, presumir-se-\u00e1 que tal foi consentido ou culposamente facilitado pelo utilizador.<\/p>\n<p><strong>7.<\/strong>&nbsp;N\u00e3o poder\u00e3o ser invocados perante a Trina XP erros ou defici\u00eancias derivadas do meio de acesso utilizado pelo utilizador.<\/p>\n<p><strong>8.<\/strong>&nbsp;N\u00e3o obstante, por raz\u00f5es t\u00e9cnicas, de seguran\u00e7a, de controle ou qualquer outra causa justificada, a<span style=\"color: var( --e-global-color-text ); font-family: var( --e-global-typography-text-font-family ), Sans-serif; font-weight: var( --e-global-typography-text-font-weight ); font-size: 1rem;\">&nbsp;Trina XP<\/span><span style=\"color: var( --e-global-color-text ); font-family: var( --e-global-typography-text-font-family ), Sans-serif; font-weight: var( --e-global-typography-text-font-weight ); font-size: 1rem;\">&nbsp;pode modificar ou suspender os servi\u00e7os disponibilizados, total ou parcialmente.<\/span><\/p>\n<p><strong>9.<\/strong>&nbsp;A Trina XP&nbsp;rejeita qualquer responsabilidade por quaisquer danos diretos ou indiretos, incluindo lucros cessantes que, por forma resultem de qualquer defeito ou v\u00edrus ou do mau funcionamento do equipamento ou do uso de qualquer software, em consequ\u00eancia da subscri\u00e7\u00e3o do servi\u00e7o de Newsletters.<\/p>\n<p><b>10. <\/b>No m\u00e1ximo poss\u00edvel permitido por lei, n\u00f3s exclu\u00edmos todas as representa\u00e7\u00f5es, garantias e condi\u00e7\u00f5es relativas ao nosso site e ao uso deste site. Nada nesta declara\u00e7\u00e3o de isen\u00e7\u00e3o de responsabilidade vai:<\/p>\n<ul style=\"font-size: 17px; background-color: rgb(255, 255, 255);\">\n<li style=\"font-size: 17px;\">limitar ou excluir nossa responsabilidade ou sua responsabilidade por mortes ou danos pessoais;<\/li>\n<li style=\"font-size: 17px;\">limitar ou excluir nossa responsabilidade ou sua responsabilidade por fraudes ou deturpa\u00e7\u00f5es fraudulentas;<\/li>\n<li style=\"font-size: 17px;\">limitar nossa responsabilidade ou sua responsabilidade de quaisquer maneiras que n\u00e3o forem permitidas sob a lei;<\/li>\n<li style=\"font-size: 17px;\">excluir quaisquer responsabilidades suas ou nossas que n\u00e3o podem ser exclu\u00eddas de acordo com a lei aplic\u00e1vel.<\/li>\n<\/ul>\n<p>As limita\u00e7\u00f5es e proibi\u00e7\u00f5es de responsabiliza\u00e7\u00e3o listadas nesta Se\u00e7\u00e3o e em outras partes desta declara\u00e7\u00e3o: (a) est\u00e3o sujeitas ao par\u00e1grafo anterior; e (b) regem todas as responsabiliza\u00e7\u00f5es que surgirem sob a declara\u00e7\u00e3o, incluindo responsabiliza\u00e7\u00f5es surgidas em contrato, em delitos e em quebra de obriga\u00e7\u00f5es legais.<\/p>\n<p>Enquanto o site e as informa\u00e7\u00f5es e servi\u00e7os do site forem oferecidos gratuitamente, n\u00f3s n\u00e3o seremos respons\u00e1veis por perdas e danos de qualquer natureza social.<\/p>\n<p><\/p>\n<h3><span>XI.&nbsp;Altera\u00e7\u00f5es<\/span><\/h3>\n<p><span style=\"color: var( --e-global-color-text ); font-family: var( --e-global-typography-text-font-family ), Sans-serif; font-weight: var( --e-global-typography-text-font-weight ); font-size: 1rem;\">A Trina XP<\/span>&nbsp;reserva o direito de alterar, unilateralmente O Cantinho do Caf\u00e9 (Newsletter), para a melhoria e efic\u00e1cia da mesma, sempre que o considerar necess\u00e1rio e desej\u00e1vel, sem notifica\u00e7\u00e3o pr\u00e9via dos utilizadores, de forma a responder \u00e0s exig\u00eancias legais ou altera\u00e7\u00f5es de funcionamento.<\/p>\n<p>Texto revisto e atualizado em outubro\/2023<\/p>\n<\/div>\n<\/div>\t\t\t\t\t\t<\/div>\n\t\t\t\t<\/div>\n\t\t\t\t\t<\/div>\n\t\t<\/div>\n\t\t\t\t\t<\/div>\n\t\t<\/section>\n\t\t\t\t<\/div>","protected":false},"excerpt":{"rendered":"<p>Seja bem-vindo ao Cantinho do Caf\u00e9, a Newsletter da Trina XP! Estes termos e condi\u00e7\u00f5es descrevem as regras de inscri\u00e7\u00e3o na Newsletter, do site da Trina XP, localizado no endere\u00e7o https:\/\/trinaxp.design. Ao cadastrar-se na nossa Newsletter, consideramos que voc\u00ea est\u00e1 de acordo com os termos e condi\u00e7\u00f5es abaixo. N\u00e3o continue a sua inscri\u00e7\u00e3o na Newsletter [&hellip;]<\/p>","protected":false},"author":2,"featured_media":0,"parent":0,"menu_order":0,"comment_status":"closed","ping_status":"closed","template":"","meta":{"_eb_attr":"","om_disable_all_campaigns":false,"_monsterinsights_skip_tracking":false,"_monsterinsights_sitenote_active":false,"_monsterinsights_sitenote_note":"","_monsterinsights_sitenote_category":0,"footnotes":""},"class_list":["post-752","page","type-page","status-publish","hentry"],"aioseo_notices":[],"_links":{"self":[{"href":"https:\/\/trinaxp.design\/en\/wp-json\/wp\/v2\/pages\/752","targetHints":{"allow":["GET"]}}],"collection":[{"href":"https:\/\/trinaxp.design\/en\/wp-json\/wp\/v2\/pages"}],"about":[{"href":"https:\/\/trinaxp.design\/en\/wp-json\/wp\/v2\/types\/page"}],"author":[{"embeddable":true,"href":"https:\/\/trinaxp.design\/en\/wp-json\/wp\/v2\/users\/2"}],"replies":[{"embeddable":true,"href":"https:\/\/trinaxp.design\/en\/wp-json\/wp\/v2\/comments?post=752"}],"version-history":[{"count":10,"href":"https:\/\/trinaxp.design\/en\/wp-json\/wp\/v2\/pages\/752\/revisions"}],"predecessor-version":[{"id":763,"href":"https:\/\/trinaxp.design\/en\/wp-json\/wp\/v2\/pages\/752\/revisions\/763"}],"wp:attachment":[{"href":"https:\/\/trinaxp.design\/en\/wp-json\/wp\/v2\/media?parent=752"}],"curies":[{"name":"wp","href":"https:\/\/api.w.org\/{rel}","templated":true}]}}