{"id":36,"date":"2022-12-23T18:11:06","date_gmt":"2022-12-23T18:11:06","guid":{"rendered":"https:\/\/trinaxp.design\/?page_id=36"},"modified":"2025-02-10T13:05:11","modified_gmt":"2025-02-10T16:05:11","slug":"sobre","status":"publish","type":"page","link":"https:\/\/trinaxp.design\/en\/sobre\/","title":{"rendered":"About"},"content":{"rendered":"<div data-elementor-type=\"wp-page\" data-elementor-id=\"36\" class=\"elementor elementor-36\" data-elementor-post-type=\"page\">\n\t\t\t\t\t\t<section class=\"elementor-section elementor-top-section elementor-element elementor-element-c326a18 elementor-section-height-min-height elementor-section-boxed elementor-section-height-default elementor-section-items-middle\" data-id=\"c326a18\" data-element_type=\"section\" data-settings=\"{&quot;background_background&quot;:&quot;classic&quot;}\">\n\t\t\t\t\t\t<div class=\"elementor-container elementor-column-gap-default\">\n\t\t\t\t\t<div class=\"elementor-column elementor-col-100 elementor-top-column elementor-element elementor-element-456167e\" data-id=\"456167e\" data-element_type=\"column\">\n\t\t\t<div class=\"elementor-widget-wrap\">\n\t\t\t\t\t\t\t<\/div>\n\t\t<\/div>\n\t\t\t\t\t<\/div>\n\t\t<\/section>\n\t\t\t\t<section class=\"elementor-section elementor-top-section elementor-element elementor-element-79c54f9 elementor-section-boxed elementor-section-height-default elementor-section-height-default\" data-id=\"79c54f9\" data-element_type=\"section\">\n\t\t\t\t\t\t<div class=\"elementor-container elementor-column-gap-default\">\n\t\t\t\t\t<div class=\"elementor-column elementor-col-100 elementor-top-column elementor-element elementor-element-008960e\" data-id=\"008960e\" data-element_type=\"column\">\n\t\t\t<div class=\"elementor-widget-wrap elementor-element-populated\">\n\t\t\t\t\t\t<section class=\"elementor-section elementor-inner-section elementor-element elementor-element-173781a elementor-section-boxed elementor-section-height-default elementor-section-height-default\" data-id=\"173781a\" data-element_type=\"section\">\n\t\t\t\t\t\t<div class=\"elementor-container elementor-column-gap-default\">\n\t\t\t\t\t<div class=\"elementor-column elementor-col-50 elementor-inner-column elementor-element elementor-element-251fffe\" data-id=\"251fffe\" data-element_type=\"column\">\n\t\t\t<div class=\"elementor-widget-wrap elementor-element-populated\">\n\t\t\t\t\t\t<div class=\"elementor-element elementor-element-968a8c3 elementor-widget elementor-widget-text-editor\" data-id=\"968a8c3\" data-element_type=\"widget\" data-widget_type=\"text-editor.default\">\n\t\t\t\t<div class=\"elementor-widget-container\">\n\t\t\t<style>\/*! elementor - v3.20.0 - 26-03-2024 *\/\n.elementor-widget-text-editor.elementor-drop-cap-view-stacked .elementor-drop-cap{background-color:#69727d;color:#fff}.elementor-widget-text-editor.elementor-drop-cap-view-framed .elementor-drop-cap{color:#69727d;border:3px solid;background-color:transparent}.elementor-widget-text-editor:not(.elementor-drop-cap-view-default) .elementor-drop-cap{margin-top:8px}.elementor-widget-text-editor:not(.elementor-drop-cap-view-default) .elementor-drop-cap-letter{width:1em;height:1em}.elementor-widget-text-editor .elementor-drop-cap{float:left;text-align:center;line-height:1;font-size:50px}.elementor-widget-text-editor .elementor-drop-cap-letter{display:inline-block}<\/style>\t\t\t\t<p><span style=\"font-weight: normal;\">About TRINA<\/span><\/p>\t\t\t\t\t\t<\/div>\n\t\t\t\t<\/div>\n\t\t\t\t<div class=\"elementor-element elementor-element-e34b0b0 elementor-widget elementor-widget-text-editor\" data-id=\"e34b0b0\" data-element_type=\"widget\" data-widget_type=\"text-editor.default\">\n\t\t\t\t<div class=\"elementor-widget-container\">\n\t\t\t\t\t\t\t<p>\ud83d\udca1Trina exists to help you transform your knowledge and ideas into impactful, unforgettable offerings.<\/p>\t\t\t\t\t\t<\/div>\n\t\t\t\t<\/div>\n\t\t\t\t\t<\/div>\n\t\t<\/div>\n\t\t\t\t<div class=\"elementor-column elementor-col-50 elementor-inner-column elementor-element elementor-element-d5ffe85\" data-id=\"d5ffe85\" data-element_type=\"column\">\n\t\t\t<div class=\"elementor-widget-wrap elementor-element-populated\">\n\t\t\t\t\t\t<div class=\"elementor-element elementor-element-ae78ecd elementor-widget elementor-widget-text-editor\" data-id=\"ae78ecd\" data-element_type=\"widget\" data-widget_type=\"text-editor.default\">\n\t\t\t\t<div class=\"elementor-widget-container\">\n\t\t\t\t\t\t\t<p>You\u2019ve got the expertise \u2014 now how do you turn that into a course or mentorship that actually flows?<\/p><p>Take a breath - <b>you\u2019re not here for yet another \u2018how to sell your course\u2019 program.<\/b><\/p><p>Here at\u00a0<strong>TrinaXP<\/strong>, you \u2014 a true expert in your field \u2014 deserve the support to create bold, original learning experiences. After all, teaching isn\u2019t just about passing on knowledge \u2014 it\u2019s about structuring, organizing, and turning ideas into real, lasting learning.<\/p><p>We get it \u2014 the more you master your subject, the harder it can be to break it down for those just starting out. There\u2019s always that fear of dumbing it down when all you want is to make it clearer.<\/p><p>No wonder you feel anxious \u2014 and like your plans to share your knowledge are always on pause. All while those fun, exciting ideas keep popping up nonstop in your head.<\/p><p><b>It\u2019s time to bring that knowledge to the table!<\/b> The best part? Teaching can be both grounded and dynamic \u2014 you don\u2019t have to choose.<br \/><span style=\"color: var( --e-global-color-text );\"><br \/><b>TrinaXP gives you the support you need to:<\/b><\/span><\/p><ul><li><p>Turn your best ideas into something clear, structured, and ready to grow.<\/p><\/li><li><p>\u00a0Make it crystal clear what you\u2019re actually teaching.<\/p><\/li><li><p>\u00a0Build meaningful, well-crafted learning journeys that captivate - not cookie-cutter stuff.<\/p><\/li><li><p>Craft teaching methods that reflect your authenticity and resonate with your learners.<\/p><\/li><li><p><span style=\"background-color: transparent; color: var( --e-global-color-text );\">Build a plan that works \u2014 and makes your knowledge the star, not the slides.<\/span><\/p><p>\u00a0<\/p><\/li><\/ul><p><b>Knowing how to do something can \u2014 and should \u2014 go hand in hand with knowing how to teach it. And TRINA is here to help you make that happen.<\/b><\/p>\t\t\t\t\t\t<\/div>\n\t\t\t\t<\/div>\n\t\t\t\t\t<\/div>\n\t\t<\/div>\n\t\t\t\t\t<\/div>\n\t\t<\/section>\n\t\t\t\t\t<\/div>\n\t\t<\/div>\n\t\t\t\t\t<\/div>\n\t\t<\/section>\n\t\t\t\t<\/div>","protected":false},"excerpt":{"rendered":"<p>Sobre a TRINA \ud83d\udca1 A Trina nasceu para te ajudar a transformar repert\u00f3rio e boas ideias em cursos e servi\u00e7os memor\u00e1veis. Voc\u00ea domina seu assunto, mas transformar isso num curso, mentoria ou infoproduto bem estruturado parece um desafio? Calma, voc\u00ea n\u00e3o precisa de mais um curso sobre &#8220;como vender cursos&#8221;. Aqui na\u00a0TrinaXP, voc\u00ea, profissional que [&hellip;]<\/p>","protected":false},"author":1,"featured_media":0,"parent":0,"menu_order":0,"comment_status":"closed","ping_status":"closed","template":"elementor_theme","meta":{"_eb_attr":"","om_disable_all_campaigns":false,"_monsterinsights_skip_tracking":false,"_monsterinsights_sitenote_active":false,"_monsterinsights_sitenote_note":"","_monsterinsights_sitenote_category":0,"footnotes":""},"class_list":["post-36","page","type-page","status-publish","hentry"],"aioseo_notices":[],"_links":{"self":[{"href":"https:\/\/trinaxp.design\/en\/wp-json\/wp\/v2\/pages\/36","targetHints":{"allow":["GET"]}}],"collection":[{"href":"https:\/\/trinaxp.design\/en\/wp-json\/wp\/v2\/pages"}],"about":[{"href":"https:\/\/trinaxp.design\/en\/wp-json\/wp\/v2\/types\/page"}],"author":[{"embeddable":true,"href":"https:\/\/trinaxp.design\/en\/wp-json\/wp\/v2\/users\/1"}],"replies":[{"embeddable":true,"href":"https:\/\/trinaxp.design\/en\/wp-json\/wp\/v2\/comments?post=36"}],"version-history":[{"count":10,"href":"https:\/\/trinaxp.design\/en\/wp-json\/wp\/v2\/pages\/36\/revisions"}],"predecessor-version":[{"id":891,"href":"https:\/\/trinaxp.design\/en\/wp-json\/wp\/v2\/pages\/36\/revisions\/891"}],"wp:attachment":[{"href":"https:\/\/trinaxp.design\/en\/wp-json\/wp\/v2\/media?parent=36"}],"curies":[{"name":"wp","href":"https:\/\/api.w.org\/{rel}","templated":true}]}}